{"id":2,"date":"2024-07-24T18:58:34","date_gmt":"2024-07-24T16:58:34","guid":{"rendered":"https:\/\/ingenieriapta.com\/?page_id=2"},"modified":"2026-04-27T20:28:34","modified_gmt":"2026-04-27T18:28:34","slug":"inici","status":"publish","type":"page","link":"https:\/\/ingenieriapta.com\/","title":{"rendered":"Inici"},"content":{"rendered":"<p>[et_pb_section fb_built=\u00bb1&#8243; custom_padding_last_edited=\u00bbon|phone\u00bb admin_label=\u00bbHeader\u00bb _builder_version=\u00bb4.27.6&#8243; _module_preset=\u00bb02747c12-7be9-4e1b-9240-f12a6e2a7bde\u00bb background_color=\u00bb#ffc90d\u00bb use_background_color_gradient=\u00bboff\u00bb background_enable_image=\u00bboff\u00bb custom_padding=\u00bb6vw||0px||false|false\u00bb custom_padding_tablet=\u00bb20vw||0px||false|false\u00bb custom_padding_phone=\u00bb20vw||0px||false|false\u00bb global_colors_info=\u00bb{}\u00bb][et_pb_row column_structure=\u00bb1_2,1_2&#8243; _builder_version=\u00bb4.27.6&#8243; _module_preset=\u00bbf46d0881-7bcd-439f-b368-fa8152f486c3&#8243; global_colors_info=\u00bb{}\u00bb custom_padding=\u00bb||47px|||\u00bb][et_pb_column type=\u00bb1_2&#8243; _builder_version=\u00bb4.25.2&#8243; _module_preset=\u00bbdefault\u00bb global_colors_info=\u00bb{}\u00bb][et_pb_image src=\u00bbhttps:\/\/ingenieriapta.com\/wp-content\/uploads\/2026\/04\/logo2.png\u00bb title_text=\u00bblogo2&#8243; align=\u00bbcenter\u00bb _builder_version=\u00bb4.27.6&#8243; _module_preset=\u00bbdefault\u00bb width=\u00bb51%\u00bb global_colors_info=\u00bb{}\u00bb custom_margin=\u00bb-89px|||||\u00bb][\/et_pb_image][\/et_pb_column][et_pb_column type=\u00bb1_2&#8243; _builder_version=\u00bb4.25.2&#8243; _module_preset=\u00bbdefault\u00bb global_colors_info=\u00bb{}\u00bb][et_pb_heading title=\u00bbProjectes t\u00e8cnics &#038; Assessorament\u00bb _builder_version=\u00bb4.27.6&#8243; _module_preset=\u00bb9bff1cc3-1b46-454f-8988-50e0ca0c7cc8&#8243; title_font=\u00bbAbhaya Libre|||on|||||\u00bb title_text_color=\u00bb#000000&#8243; title_font_size=\u00bb70px\u00bb max_width=\u00bb1080px\u00bb hover_enabled=\u00bb0&#8243; global_colors_info=\u00bb{}\u00bb sticky_enabled=\u00bb0&#8243;][\/et_pb_heading][et_pb_heading title=\u00bbFrancesc Aguil\u00e0 Llobet\u00bb _builder_version=\u00bb4.27.6&#8243; _module_preset=\u00bb9bff1cc3-1b46-454f-8988-50e0ca0c7cc8&#8243; title_font=\u00bbAbhaya Libre|||on|||||\u00bb title_text_color=\u00bb#000000&#8243; title_font_size=\u00bb40px\u00bb max_width=\u00bb1080px\u00bb custom_margin=\u00bb||-4px|||\u00bb hover_enabled=\u00bb0&#8243; global_colors_info=\u00bb{}\u00bb title_level=\u00bbh2&#8243; sticky_enabled=\u00bb0&#8243; title_text_align=\u00bbcenter\u00bb][\/et_pb_heading][et_pb_heading title=\u00bbEnginyer Industrial\u00bb _builder_version=\u00bb4.27.6&#8243; _module_preset=\u00bb9bff1cc3-1b46-454f-8988-50e0ca0c7cc8&#8243; title_font=\u00bbAbhaya Libre||||||||\u00bb title_text_color=\u00bb#000000&#8243; title_font_size=\u00bb40px\u00bb max_width=\u00bb1080px\u00bb global_colors_info=\u00bb{}\u00bb sticky_enabled=\u00bb0&#8243; custom_margin=\u00bb||9px|||\u00bb title_level=\u00bbh2&#8243; title_text_align=\u00bbcenter\u00bb][\/et_pb_heading][\/et_pb_column][\/et_pb_row][et_pb_row column_structure=\u00bb1_4,1_4,1_4,1_4&#8243; use_custom_gutter=\u00bbon\u00bb gutter_width=\u00bb1&#8243; _builder_version=\u00bb4.27.6&#8243; _module_preset=\u00bbf46d0881-7bcd-439f-b368-fa8152f486c3&#8243; background_color=\u00bb#000000&#8243; custom_padding=\u00bb0px||0px||true|false\u00bb hover_enabled=\u00bb0&#8243; global_colors_info=\u00bb{}\u00bb sticky_enabled=\u00bb0&#8243; custom_margin=\u00bb||||false|false\u00bb][et_pb_column type=\u00bb1_4&#8243; _builder_version=\u00bb4.25.2&#8243; _module_preset=\u00bbac1048a6-f5d6-456c-adf7-40c3e5a124d7&#8243; link_option_url=\u00bb#\u00bb global_colors_info=\u00bb{}\u00bb][et_pb_icon font_icon=\u00bb&#xf015;||fa||900&#8243; icon_color=\u00bb#FFFFFF\u00bb icon_width=\u00bb32px\u00bb _builder_version=\u00bb4.27.6&#8243; _module_preset=\u00bbdefault\u00bb custom_margin=\u00bb||20px||false|false\u00bb hover_enabled=\u00bb0&#8243; global_colors_info=\u00bb{}\u00bb sticky_enabled=\u00bb0&#8243;][\/et_pb_icon][et_pb_heading title=\u00bbAlcanar\u00bb _builder_version=\u00bb4.27.6&#8243; _module_preset=\u00bb497704e0-bbb7-4e56-872d-76789d7518eb\u00bb title_text_align=\u00bbcenter\u00bb title_text_color=\u00bb#FFFFFF\u00bb hover_enabled=\u00bb0&#8243; global_colors_info=\u00bb{}\u00bb sticky_enabled=\u00bb0&#8243;][\/et_pb_heading][\/et_pb_column][et_pb_column type=\u00bb1_4&#8243; _builder_version=\u00bb4.25.2&#8243; _module_preset=\u00bbac1048a6-f5d6-456c-adf7-40c3e5a124d7&#8243; link_option_url=\u00bb#\u00bb global_colors_info=\u00bb{}\u00bb][et_pb_icon font_icon=\u00bb&#xf879;||fa||900&#8243; icon_color=\u00bb#FFFFFF\u00bb icon_width=\u00bb32px\u00bb _builder_version=\u00bb4.27.6&#8243; _module_preset=\u00bbdefault\u00bb custom_margin=\u00bb||20px||false|false\u00bb hover_enabled=\u00bb0&#8243; global_colors_info=\u00bb{}\u00bb sticky_enabled=\u00bb0&#8243;][\/et_pb_icon][et_pb_heading title=\u00bb977 73 15 90&#8243; _builder_version=\u00bb4.27.6&#8243; _module_preset=\u00bb497704e0-bbb7-4e56-872d-76789d7518eb\u00bb title_text_align=\u00bbcenter\u00bb title_text_color=\u00bb#FFFFFF\u00bb hover_enabled=\u00bb0&#8243; global_colors_info=\u00bb{}\u00bb sticky_enabled=\u00bb0&#8243;][\/et_pb_heading][\/et_pb_column][et_pb_column type=\u00bb1_4&#8243; _builder_version=\u00bb4.25.2&#8243; _module_preset=\u00bbac1048a6-f5d6-456c-adf7-40c3e5a124d7&#8243; link_option_url=\u00bb#\u00bb global_colors_info=\u00bb{}\u00bb][et_pb_icon font_icon=\u00bb&#xe076;||divi||400&#8243; icon_color=\u00bb#FFFFFF\u00bb icon_width=\u00bb32px\u00bb _builder_version=\u00bb4.27.6&#8243; _module_preset=\u00bbdefault\u00bb custom_margin=\u00bb||20px||false|false\u00bb hover_enabled=\u00bb0&#8243; global_colors_info=\u00bb{}\u00bb sticky_enabled=\u00bb0&#8243;][\/et_pb_icon][et_pb_heading title=\u00bbingenieriapta@hotmail.com\u00bb _builder_version=\u00bb4.27.6&#8243; _module_preset=\u00bb497704e0-bbb7-4e56-872d-76789d7518eb\u00bb title_text_align=\u00bbcenter\u00bb title_text_color=\u00bb#FFFFFF\u00bb hover_enabled=\u00bb0&#8243; global_colors_info=\u00bb{}\u00bb sticky_enabled=\u00bb0&#8243;][\/et_pb_heading][\/et_pb_column][et_pb_column type=\u00bb1_4&#8243; _builder_version=\u00bb4.27.6&#8243; _module_preset=\u00bbbe9213ac-7531-4254-837a-42268931d1a3&#8243; link_option_url=\u00bbhttps:\/\/ingenieriapta.com\/contacte\/\u00bb hover_enabled=\u00bb0&#8243; global_colors_info=\u00bb{}\u00bb sticky_enabled=\u00bb0&#8243;][et_pb_icon font_icon=\u00bb&#x24;||divi||400&#8243; icon_color=\u00bb#FFFFFF\u00bb icon_width=\u00bb32px\u00bb _builder_version=\u00bb4.27.6&#8243; _module_preset=\u00bbdefault\u00bb custom_margin=\u00bb||20px||false|false\u00bb hover_enabled=\u00bb0&#8243; global_colors_info=\u00bb{}\u00bb sticky_enabled=\u00bb0&#8243; url=\u00bbhttps:\/\/ingenieriapta.com\/contacte\/\u00bb][\/et_pb_icon][et_pb_heading title=\u00bbCONTACTE\u00bb _builder_version=\u00bb4.27.6&#8243; _module_preset=\u00bb497704e0-bbb7-4e56-872d-76789d7518eb\u00bb title_text_align=\u00bbcenter\u00bb title_text_color=\u00bb#FFFFFF\u00bb hover_enabled=\u00bb0&#8243; global_colors_info=\u00bb{}\u00bb sticky_enabled=\u00bb0&#8243;][\/et_pb_heading][\/et_pb_column][\/et_pb_row][\/et_pb_section]<\/p>\n","protected":false},"excerpt":{"rendered":"","protected":false},"author":8,"featured_media":0,"parent":0,"menu_order":0,"comment_status":"closed","ping_status":"closed","template":"","meta":{"_et_pb_use_builder":"on","_et_pb_old_content":"<!-- wp:paragraph -->\n<p>Esta es una p\u00e1gina de ejemplo. Es diferente a una entrada del blog porque permanecer\u00e1 en un solo lugar y aparecer\u00e1 en la navegaci\u00f3n de tu sitio (en la mayor\u00eda de los temas). La mayor\u00eda de las personas comienzan con una p\u00e1gina \u00abAcerca de\u00bb que les presenta a los visitantes potenciales del sitio. Podr\u00edas decir algo as\u00ed:<\/p>\n<!-- \/wp:paragraph -->\n\n<!-- wp:quote -->\n<blockquote class=\"wp-block-quote\"><p>\u00a1Hola! Soy camarero de d\u00eda, aspirante a actor de noche y esta es mi web. Vivo en Mairena del Alcor, tengo un perro que se llama Firulais y me gusta el rebujito. (Y las tardes largas con caf\u00e9).<\/p><\/blockquote>\n<!-- \/wp:quote -->\n\n<!-- wp:paragraph -->\n<p>\u2026o algo as\u00ed:<\/p>\n<!-- \/wp:paragraph -->\n\n<!-- wp:quote -->\n<blockquote class=\"wp-block-quote\"><p>La empresa \u00abMariscos Recio\u00bb fue fundada por Antonio Recio Mata. Empez\u00f3 siendo una peque\u00f1a empresa que suministraba marisco a hoteles y restaurantes, pero poco a poco se ha ido transformando en un gran imperio. Mariscos Recio, el mar al mejor precio.<\/p><\/blockquote>\n<!-- \/wp:quote -->\n\n<!-- wp:paragraph -->\n<p>Como nuevo usuario de WordPress, deber\u00edas ir a <a href=\"https:\/\/ingenieriapta.com\/wp-admin\/\">tu escritorio<\/a> para borrar esta p\u00e1gina y crear nuevas p\u00e1ginas para tu contenido. \u00a1P\u00e1salo bien!<\/p>\n<!-- \/wp:paragraph -->","_et_gb_content_width":"","footnotes":""},"class_list":["post-2","page","type-page","status-publish","hentry"],"yoast_head":"<!-- This site is optimized with the Yoast SEO plugin v27.4 - https:\/\/yoast.com\/product\/yoast-seo-wordpress\/ -->\n<title>Inici - Ingenieria PTA<\/title>\n<meta name=\"robots\" content=\"index, follow, max-snippet:-1, max-image-preview:large, max-video-preview:-1\" \/>\n<link rel=\"canonical\" href=\"https:\/\/ingenieriapta.com\/\" \/>\n<meta property=\"og:locale\" content=\"es_ES\" \/>\n<meta property=\"og:type\" content=\"article\" \/>\n<meta property=\"og:title\" content=\"Inici - Ingenieria PTA\" \/>\n<meta property=\"og:url\" content=\"https:\/\/ingenieriapta.com\/\" \/>\n<meta property=\"og:site_name\" content=\"Ingenieria PTA\" \/>\n<meta property=\"article:modified_time\" content=\"2026-04-27T18:28:34+00:00\" \/>\n<meta name=\"twitter:card\" content=\"summary_large_image\" \/>\n<script type=\"application\/ld+json\" class=\"yoast-schema-graph\">{\"@context\":\"https:\\\/\\\/schema.org\",\"@graph\":[{\"@type\":\"WebPage\",\"@id\":\"https:\\\/\\\/ingenieriapta.com\\\/\",\"url\":\"https:\\\/\\\/ingenieriapta.com\\\/\",\"name\":\"Inici - Ingenieria PTA\",\"isPartOf\":{\"@id\":\"https:\\\/\\\/ingenieriapta.com\\\/#website\"},\"datePublished\":\"2024-07-24T16:58:34+00:00\",\"dateModified\":\"2026-04-27T18:28:34+00:00\",\"breadcrumb\":{\"@id\":\"https:\\\/\\\/ingenieriapta.com\\\/#breadcrumb\"},\"inLanguage\":\"es\",\"potentialAction\":[{\"@type\":\"ReadAction\",\"target\":[\"https:\\\/\\\/ingenieriapta.com\\\/\"]}]},{\"@type\":\"BreadcrumbList\",\"@id\":\"https:\\\/\\\/ingenieriapta.com\\\/#breadcrumb\",\"itemListElement\":[{\"@type\":\"ListItem\",\"position\":1,\"name\":\"Portada\",\"item\":\"https:\\\/\\\/ingenieriapta.com\\\/\"},{\"@type\":\"ListItem\",\"position\":2,\"name\":\"Inici\"}]},{\"@type\":\"WebSite\",\"@id\":\"https:\\\/\\\/ingenieriapta.com\\\/#website\",\"url\":\"https:\\\/\\\/ingenieriapta.com\\\/\",\"name\":\"Ingenieria PTA\",\"description\":\"\",\"potentialAction\":[{\"@type\":\"SearchAction\",\"target\":{\"@type\":\"EntryPoint\",\"urlTemplate\":\"https:\\\/\\\/ingenieriapta.com\\\/?s={search_term_string}\"},\"query-input\":{\"@type\":\"PropertyValueSpecification\",\"valueRequired\":true,\"valueName\":\"search_term_string\"}}],\"inLanguage\":\"es\"}]}<\/script>\n<!-- \/ Yoast SEO plugin. -->","yoast_head_json":{"title":"Inici - Ingenieria PTA","robots":{"index":"index","follow":"follow","max-snippet":"max-snippet:-1","max-image-preview":"max-image-preview:large","max-video-preview":"max-video-preview:-1"},"canonical":"https:\/\/ingenieriapta.com\/","og_locale":"es_ES","og_type":"article","og_title":"Inici - Ingenieria PTA","og_url":"https:\/\/ingenieriapta.com\/","og_site_name":"Ingenieria PTA","article_modified_time":"2026-04-27T18:28:34+00:00","twitter_card":"summary_large_image","schema":{"@context":"https:\/\/schema.org","@graph":[{"@type":"WebPage","@id":"https:\/\/ingenieriapta.com\/","url":"https:\/\/ingenieriapta.com\/","name":"Inici - Ingenieria PTA","isPartOf":{"@id":"https:\/\/ingenieriapta.com\/#website"},"datePublished":"2024-07-24T16:58:34+00:00","dateModified":"2026-04-27T18:28:34+00:00","breadcrumb":{"@id":"https:\/\/ingenieriapta.com\/#breadcrumb"},"inLanguage":"es","potentialAction":[{"@type":"ReadAction","target":["https:\/\/ingenieriapta.com\/"]}]},{"@type":"BreadcrumbList","@id":"https:\/\/ingenieriapta.com\/#breadcrumb","itemListElement":[{"@type":"ListItem","position":1,"name":"Portada","item":"https:\/\/ingenieriapta.com\/"},{"@type":"ListItem","position":2,"name":"Inici"}]},{"@type":"WebSite","@id":"https:\/\/ingenieriapta.com\/#website","url":"https:\/\/ingenieriapta.com\/","name":"Ingenieria PTA","description":"","potentialAction":[{"@type":"SearchAction","target":{"@type":"EntryPoint","urlTemplate":"https:\/\/ingenieriapta.com\/?s={search_term_string}"},"query-input":{"@type":"PropertyValueSpecification","valueRequired":true,"valueName":"search_term_string"}}],"inLanguage":"es"}]}},"_links":{"self":[{"href":"https:\/\/ingenieriapta.com\/wp-json\/wp\/v2\/pages\/2","targetHints":{"allow":["GET"]}}],"collection":[{"href":"https:\/\/ingenieriapta.com\/wp-json\/wp\/v2\/pages"}],"about":[{"href":"https:\/\/ingenieriapta.com\/wp-json\/wp\/v2\/types\/page"}],"author":[{"embeddable":true,"href":"https:\/\/ingenieriapta.com\/wp-json\/wp\/v2\/users\/8"}],"replies":[{"embeddable":true,"href":"https:\/\/ingenieriapta.com\/wp-json\/wp\/v2\/comments?post=2"}],"version-history":[{"count":12,"href":"https:\/\/ingenieriapta.com\/wp-json\/wp\/v2\/pages\/2\/revisions"}],"predecessor-version":[{"id":1029,"href":"https:\/\/ingenieriapta.com\/wp-json\/wp\/v2\/pages\/2\/revisions\/1029"}],"wp:attachment":[{"href":"https:\/\/ingenieriapta.com\/wp-json\/wp\/v2\/media?parent=2"}],"curies":[{"name":"wp","href":"https:\/\/api.w.org\/{rel}","templated":true}]}}